{"id":47,"date":"2024-04-04T10:12:43","date_gmt":"2024-04-04T08:12:43","guid":{"rendered":"https:\/\/ston-dvor.com\/?page_id=47"},"modified":"2024-06-10T10:02:25","modified_gmt":"2024-06-10T08:02:25","slug":"novosti","status":"publish","type":"page","link":"https:\/\/ston-dvor.com\/en\/novosti\/","title":{"rendered":"NEWS"},"content":{"rendered":"<div id=\"fws_69d040c1f0fef\"  data-column-margin=\"default\" data-midnight=\"light\" data-top-percent=\"7%\" data-bottom-percent=\"7%\"  class=\"wpb_row vc_row-fluid vc_row full-width-section\"  style=\"padding-top: calc(100vw * 0.07); padding-bottom: calc(100vw * 0.07); \"><div class=\"row-bg-wrap\" data-bg-animation=\"none\" data-bg-animation-delay=\"\" data-bg-overlay=\"true\"><div class=\"inner-wrap row-bg-layer using-image\" ><div class=\"row-bg viewport-desktop using-image using-bg-color\"  style=\"background-image: url(https:\/\/ston-dvor.com\/wp-content\/uploads\/2024\/06\/SUNCANI-TRSOVI-24.webp); background-position: left top; background-repeat: no-repeat; background-color: #eaeaea; \"><\/div><\/div><div class=\"row-bg-overlay row-bg-layer\" style=\"background-color:#000000;  opacity: 0.8; \"><\/div><\/div><div class=\"row_col_wrap_12 col span_12 light left\">\n\t<div  class=\"vc_col-sm-12 wpb_column column_container vc_column_container col no-extra-padding inherit_tablet inherit_phone\"  data-padding-pos=\"all\" data-has-bg-color=\"false\" data-bg-color=\"\" data-bg-opacity=\"1\" data-animation=\"\" data-delay=\"0\" >\n\t\t<div class=\"vc_column-inner\" >\n\t\t\t<div class=\"wpb_wrapper\">\n\t\t\t\t\n    <div class=\"row blog-recent columns-4\" data-style=\"list_featured_first_row\" data-color-scheme=\"light\" data-remove-post-date=\"\" data-remove-post-author=\"\" data-remove-post-comment-number=\"\" data-remove-post-nectar-love=\"\">\n\n      \n      <div class=\"col span_3 post-4493 post type-post status-publish format-standard has-post-thumbnail category-novosti\" >\n\n        \n            <a class=\"full-post-link\" href=\"https:\/\/ston-dvor.com\/en\/2024\/05\/23\/medunarodna-izlozba-euharistijska-cuda-diljem-svijeta-u-knezevom-dvoru-u-stonu\/\" aria-label=\"Me\u0111unarodna izlo\u017eba \u201eEuharistijska \u010duda diljem svijeta\u201c u Kne\u017eevom dvoru u Stonu\"><\/a><a class=\"featured\" aria-label=\"Me\u0111unarodna izlo\u017eba \u201eEuharistijska \u010duda diljem svijeta\u201c u Kne\u017eevom dvoru u Stonu\" href=\"https:\/\/ston-dvor.com\/en\/2024\/05\/23\/medunarodna-izlozba-euharistijska-cuda-diljem-svijeta-u-knezevom-dvoru-u-stonu\/\"><span class=\"img-thumbnail\"><img loading=\"lazy\" decoding=\"async\" width=\"600\" height=\"403\" src=\"https:\/\/ston-dvor.com\/wp-content\/uploads\/2023\/11\/ston_maketa-600x403.webp\" class=\"attachment-portfolio-thumb size-portfolio-thumb wp-post-image\" alt=\"\" title=\"\" srcset=\"https:\/\/ston-dvor.com\/wp-content\/uploads\/2023\/11\/ston_maketa-600x403.webp 600w, https:\/\/ston-dvor.com\/wp-content\/uploads\/2023\/11\/ston_maketa-900x604.webp 900w, https:\/\/ston-dvor.com\/wp-content\/uploads\/2023\/11\/ston_maketa-400x269.webp 400w\" sizes=\"auto, (max-width: 600px) 100vw, 600px\" \/><\/span><\/a>            <div class=\"post-header featured\">\n              <span class=\"meta-category\"><a class=\"novosti\" href=\"https:\/\/ston-dvor.com\/en\/category\/novosti\/\">NEWS<\/a><\/span>              <h3>Me\u0111unarodna izlo\u017eba \u201eEuharistijska \u010duda diljem svijeta\u201c u Kne\u017eevom dvoru u Stonu<\/h3>            <\/div><!--\/post-header-->\n\n            <div class=\"excerpt\">Me\u0111unarodna izlo\u017eba \u201eEuharistijska \u010duda diljem svijeta\u201c, koju je osmislio i izradio bl. Karlo Acutis, otvorila&hellip;<\/div>\n      <\/div><!--\/col-->\n\n      \n      <div class=\"col span_3 post-4489 post type-post status-publish format-standard has-post-thumbnail category-novosti\" >\n\n        \n            <a class=\"full-post-link\" href=\"https:\/\/ston-dvor.com\/en\/2024\/05\/23\/odrzan-tecaj-na-temu-pretilost-u-endokrinologiji-u-knezevom-dvoru\/\" aria-label=\"Odr\u017ean te\u010daj na temu \u201ePretilost u endokrinologiji&#8221; u Kne\u017eevom dvoru\"><\/a><a class=\"featured\" aria-label=\"Odr\u017ean te\u010daj na temu \u201ePretilost u endokrinologiji&#8221; u Kne\u017eevom dvoru\" href=\"https:\/\/ston-dvor.com\/en\/2024\/05\/23\/odrzan-tecaj-na-temu-pretilost-u-endokrinologiji-u-knezevom-dvoru\/\"><span class=\"img-thumbnail\"><img loading=\"lazy\" decoding=\"async\" width=\"600\" height=\"403\" src=\"https:\/\/ston-dvor.com\/wp-content\/uploads\/2023\/07\/chairs-2593531_1280x-600x403.jpg\" class=\"attachment-portfolio-thumb size-portfolio-thumb wp-post-image\" alt=\"\" title=\"\" srcset=\"https:\/\/ston-dvor.com\/wp-content\/uploads\/2023\/07\/chairs-2593531_1280x-600x403.jpg 600w, https:\/\/ston-dvor.com\/wp-content\/uploads\/2023\/07\/chairs-2593531_1280x-900x604.jpg 900w, https:\/\/ston-dvor.com\/wp-content\/uploads\/2023\/07\/chairs-2593531_1280x-400x269.jpg 400w\" sizes=\"auto, (max-width: 600px) 100vw, 600px\" \/><\/span><\/a>            <div class=\"post-header featured\">\n              <span class=\"meta-category\"><a class=\"novosti\" href=\"https:\/\/ston-dvor.com\/en\/category\/novosti\/\">NEWS<\/a><\/span>              <h3>Odr\u017ean te\u010daj na temu \u201ePretilost u endokrinologiji&#8221; u Kne\u017eevom dvoru<\/h3>            <\/div><!--\/post-header-->\n\n            <div class=\"excerpt\">18. svibnja, u organizaciji Sveu\u010dili\u0161ta u Dubrovniku \u2013 studij Sestrinstvo, Poliklinike Hygea i Hrvatske komore&hellip;<\/div>\n      <\/div><!--\/col-->\n\n      \n      <div class=\"col span_3 post-4474 post type-post status-publish format-standard has-post-thumbnail category-novosti tag-grapeston tag-knezev-dvor tag-ston tag-vino\" >\n\n        \n            <a class=\"full-post-link\" href=\"https:\/\/ston-dvor.com\/en\/2024\/04\/05\/prirodna-vina-u-fokusu-prvi-grapeston-festival-dolazi-u-ston\/\" aria-label=\"Prirodna Vina u Fokusu: Prvi GrapeSton Festival dolazi u Ston!\"><\/a><a class=\"featured\" aria-label=\"Prirodna Vina u Fokusu: Prvi GrapeSton Festival dolazi u Ston!\" href=\"https:\/\/ston-dvor.com\/en\/2024\/04\/05\/prirodna-vina-u-fokusu-prvi-grapeston-festival-dolazi-u-ston\/\"><span class=\"img-thumbnail\"><img loading=\"lazy\" decoding=\"async\" width=\"600\" height=\"403\" src=\"https:\/\/ston-dvor.com\/wp-content\/uploads\/2013\/02\/1280X853-600x403.png\" class=\"attachment-portfolio-thumb size-portfolio-thumb wp-post-image\" alt=\"\" title=\"\" srcset=\"https:\/\/ston-dvor.com\/wp-content\/uploads\/2013\/02\/1280X853-600x403.png 600w, https:\/\/ston-dvor.com\/wp-content\/uploads\/2013\/02\/1280X853-18x12.png 18w, https:\/\/ston-dvor.com\/wp-content\/uploads\/2013\/02\/1280X853-900x604.png 900w, https:\/\/ston-dvor.com\/wp-content\/uploads\/2013\/02\/1280X853-400x269.png 400w\" sizes=\"auto, (max-width: 600px) 100vw, 600px\" \/><\/span><\/a>            <div class=\"post-header featured\">\n              <span class=\"meta-category\"><a class=\"novosti\" href=\"https:\/\/ston-dvor.com\/en\/category\/novosti\/\">NEWS<\/a><\/span>              <h3>Prirodna Vina u Fokusu: Prvi GrapeSton Festival dolazi u Ston!<\/h3>            <\/div><!--\/post-header-->\n\n            <div class=\"excerpt\">Stonske zidine, simbol stoljetne povijesti, bit \u0107e doma\u0107in prvog izdanja GrapeSton festivala, koji \u0107e se&hellip;<\/div>\n      <\/div><!--\/col-->\n\n      \n      <div class=\"col span_3 post-3267 post type-post status-publish format-standard has-post-thumbnail category-novosti\" >\n\n        \n            <a class=\"full-post-link\" href=\"https:\/\/ston-dvor.com\/en\/2023\/08\/04\/uskoro-se-otvara-dvor\/\" aria-label=\"New outfit of the Rector&#039;s Palace in Ston: Presentation Center &quot;Dvor&quot; opened.\"><\/a><a class=\"featured\" aria-label=\"New outfit of the Rector&#039;s Palace in Ston: Presentation Center &quot;Dvor&quot; opened.\" href=\"https:\/\/ston-dvor.com\/en\/2023\/08\/04\/uskoro-se-otvara-dvor\/\"><span class=\"img-thumbnail\"><img loading=\"lazy\" decoding=\"async\" width=\"600\" height=\"403\" src=\"https:\/\/ston-dvor.com\/wp-content\/uploads\/2024\/06\/STON_prozor-600x403.webp\" class=\"attachment-portfolio-thumb size-portfolio-thumb wp-post-image\" alt=\"\" title=\"\" srcset=\"https:\/\/ston-dvor.com\/wp-content\/uploads\/2024\/06\/STON_prozor-600x403.webp 600w, https:\/\/ston-dvor.com\/wp-content\/uploads\/2024\/06\/STON_prozor-18x12.webp 18w, https:\/\/ston-dvor.com\/wp-content\/uploads\/2024\/06\/STON_prozor-900x604.webp 900w, https:\/\/ston-dvor.com\/wp-content\/uploads\/2024\/06\/STON_prozor-400x269.webp 400w\" sizes=\"auto, (max-width: 600px) 100vw, 600px\" \/><\/span><\/a>            <div class=\"post-header featured\">\n              <span class=\"meta-category\"><a class=\"novosti\" href=\"https:\/\/ston-dvor.com\/en\/category\/novosti\/\">NEWS<\/a><\/span>              <h3>New outfit of the Rector's Palace in Ston: Presentation Center \"Dvor\" opened.<\/h3>            <\/div><!--\/post-header-->\n\n            <div class=\"excerpt\">In the historical Rector's Palace in Ston, the Presentation Center \"Dvor\" has been opened, which represents a blend of traditional...<\/div>\n      <\/div><!--\/col-->\n\n      \n    <\/div><!--\/blog-recent-->\n\n  <div id=\"fws_69d040c2000f9\" data-midnight=\"\" data-column-margin=\"default\" class=\"wpb_row vc_row-fluid vc_row inner_row\"  style=\"\"><div class=\"row-bg-wrap\"> <div class=\"row-bg\" ><\/div> <\/div><div class=\"row_col_wrap_12_inner col span_12  left\">\n\t<div  class=\"vc_col-sm-12 wpb_column column_container vc_column_container col child_column centered-text no-extra-padding inherit_tablet inherit_phone\"   data-padding-pos=\"all\" data-has-bg-color=\"false\" data-bg-color=\"\" data-bg-opacity=\"1\" data-animation=\"\" data-delay=\"0\" >\n\t\t<div class=\"vc_column-inner\" >\n\t\t<div class=\"wpb_wrapper\">\n\t\t\t<a class=\"nectar-button large regular accent-color has-icon  regular-button\"  style=\"\"  href=\"https:\/\/ston-dvor.com\/en\/category\/novosti\/\" data-color-override=\"false\" data-hover-color-override=\"false\" data-hover-text-color-override=\"#fff\"><span>Look at all<\/span><i><span class=\"im-icon-wrap\"><span><svg version=\"1.1\" xmlns=\"http:\/\/www.w3.org\/2000\/svg\" width=\"32\" height=\"32\" viewbox=\"0 0 32 32\">\n        <path d=\"M18.333 31.333c-0.076 0-0.151-0.012-0.224-0.039-0.265-0.095-0.443-0.347-0.443-0.628v-29.333c0-0.281 0.177-0.533 0.443-0.627 0.26-0.096 0.561-0.013 0.74 0.205l12 14.667c0.201 0.247 0.201 0.599 0 0.844l-12 14.667c-0.129 0.159-0.321 0.244-0.516 0.244zM19 3.201v25.599l10.472-12.8-10.472-12.799zM17.667 17.333h-16c-0.368 0-0.667-0.3-0.667-0.667 0-0.368 0.299-0.667 0.667-0.667h16c0.367 0 0.667 0.299 0.667 0.667 0 0.367-0.3 0.667-0.667 0.667z\"><\/path>\n        <\/svg><\/span><\/span><\/i><\/a>\n\t\t<\/div> \n\t<\/div>\n\t<\/div> \n<\/div><\/div>\n\t\t\t<\/div> \n\t\t<\/div>\n\t<\/div> \n<\/div><\/div>\n\t\t<div id=\"fws_69d040c2004eb\"  data-column-margin=\"default\" data-midnight=\"light\"  class=\"wpb_row vc_row-fluid vc_row full-width-content vc_row-o-equal-height vc_row-flex vc_row-o-content-top\"  style=\"padding-top: 0px; padding-bottom: 0px; \"><div class=\"row-bg-wrap\" data-bg-animation=\"none\" data-bg-animation-delay=\"\" data-bg-overlay=\"false\"><div class=\"inner-wrap row-bg-layer\" ><div class=\"row-bg viewport-desktop\"  style=\"\"><\/div><\/div><\/div><div class=\"row_col_wrap_12 col span_12 light center\">\n\t<div style=\"\" class=\"vc_col-sm-12 wpb_column column_container vc_column_container col centered-text padding-2-percent inherit_tablet inherit_phone bg_img_front\" data-using-bg=\"true\" data-bg-cover=\"true\" data-padding-pos=\"top-bottom\" data-has-bg-color=\"true\" data-bg-color=\"#ffffff\" data-bg-opacity=\"1\" data-hover-bg=\"rgba(45,45,45,0.14)\" data-hover-bg-opacity=\"1\" data-animation=\"\" data-delay=\"0\" >\n\t\t<div class=\"vc_column-inner\" ><div class=\"column-image-bg-wrap column-bg-layer viewport-desktop\" data-bg-pos=\"center center\" data-bg-animation=\"none\" data-bg-overlay=\"false\"><div class=\"inner-wrap\"><div class=\"column-image-bg\" style=\" background-image: url('https:\/\/ston-dvor.com\/wp-content\/uploads\/2023\/06\/crte4-1.png'); \"><\/div><\/div><\/div><div class=\"column-bg-overlay-wrap column-bg-layer\" data-bg-animation=\"none\"><div class=\"column-bg-overlay\" style=\"opacity: 1; background-color: #ffffff;\"><\/div><\/div>\n\t\t\t<div class=\"wpb_wrapper\">\n\t\t\t\t\n<div class=\"wpb_text_column wpb_content_element\" >\n\t<div class=\"wpb_wrapper\">\n\t\t\t<\/div>\n<\/div>\n\n\n\n\n\t\t\t<\/div> \n\t\t<\/div>\n\t<\/div> \n<\/div><\/div>","protected":false},"excerpt":{"rendered":"U povijesnom Kne\u017eevom dvoru u Stonu, otvoren je Prezentacijski centar \"Dvor\", koji predstavlja spoj tradicionalnog uzgoja hrane i suvremenog do\u017eivljaja, te pru\u017ea jedinstvenu priliku za istra\u017eivanje bogate kulturne i gastronomske...","protected":false},"author":5,"featured_media":0,"parent":0,"menu_order":0,"comment_status":"closed","ping_status":"closed","template":"","meta":{"footnotes":""},"class_list":["post-47","page","type-page","status-publish"],"_links":{"self":[{"href":"https:\/\/ston-dvor.com\/en\/wp-json\/wp\/v2\/pages\/47","targetHints":{"allow":["GET"]}}],"collection":[{"href":"https:\/\/ston-dvor.com\/en\/wp-json\/wp\/v2\/pages"}],"about":[{"href":"https:\/\/ston-dvor.com\/en\/wp-json\/wp\/v2\/types\/page"}],"author":[{"embeddable":true,"href":"https:\/\/ston-dvor.com\/en\/wp-json\/wp\/v2\/users\/5"}],"replies":[{"embeddable":true,"href":"https:\/\/ston-dvor.com\/en\/wp-json\/wp\/v2\/comments?post=47"}],"version-history":[{"count":15,"href":"https:\/\/ston-dvor.com\/en\/wp-json\/wp\/v2\/pages\/47\/revisions"}],"predecessor-version":[{"id":4873,"href":"https:\/\/ston-dvor.com\/en\/wp-json\/wp\/v2\/pages\/47\/revisions\/4873"}],"wp:attachment":[{"href":"https:\/\/ston-dvor.com\/en\/wp-json\/wp\/v2\/media?parent=47"}],"curies":[{"name":"wp","href":"https:\/\/api.w.org\/{rel}","templated":true}]}}