{"id":30,"date":"2023-06-14T10:05:24","date_gmt":"2023-06-14T08:05:24","guid":{"rendered":"https:\/\/ston-dvor.com\/?page_id=30"},"modified":"2023-09-25T17:09:38","modified_gmt":"2023-09-25T15:09:38","slug":"impressum","status":"publish","type":"page","link":"https:\/\/ston-dvor.com\/en\/impressum\/","title":{"rendered":"IMPRESSUM"},"content":{"rendered":"<div id=\"fws_69eb8afe96cdf\"  data-column-margin=\"default\" data-midnight=\"dark\"  class=\"wpb_row vc_row-fluid vc_row\"  style=\"padding-top: 0px; padding-bottom: 0px; \"><div class=\"row-bg-wrap\" data-bg-animation=\"none\" data-bg-animation-delay=\"\" data-bg-overlay=\"false\"><div class=\"inner-wrap row-bg-layer\" ><div class=\"row-bg viewport-desktop\"  style=\"\"><\/div><\/div><\/div><div class=\"row_col_wrap_12 col span_12 dark left\">\n\t<div style=\" color: #ffffff;\" class=\"vc_col-sm-12 wpb_column column_container vc_column_container col no-extra-padding inherit_tablet inherit_phone\" data-cfc=\"true\" data-using-bg=\"true\" data-padding-pos=\"all\" data-has-bg-color=\"true\" data-bg-color=\"rgba(196,196,196,0.37)\" data-bg-opacity=\"1\" data-animation=\"\" data-delay=\"0\" >\n\t\t<div class=\"vc_column-inner\" ><div class=\"column-bg-overlay-wrap column-bg-layer\" data-bg-animation=\"none\"><div class=\"column-bg-overlay\" style=\"opacity: 1; background-color: rgba(196,196,196,0.37);\"><\/div><\/div>\n\t\t\t<div class=\"wpb_wrapper\">\n\t\t\t\t<div class=\"divider-wrap\" data-alignment=\"default\"><div style=\"height: 25px;\" class=\"divider\"><\/div><\/div><div class=\"divider-wrap\" data-alignment=\"default\"><div style=\"height: 25px;\" class=\"divider\"><\/div><\/div>\n<div class=\"wpb_text_column wpb_content_element  wpb_animate_when_almost_visible wpb_zoomIn zoomIn\" >\n\t<div class=\"wpb_wrapper\">\n\t\t<h4 style=\"text-align: center;\"><span style=\"color: #336699;\"><u>Project Holder:<\/u><\/span><\/h4>\n<h4 style=\"text-align: center;\"><span style=\"color: #336699;\">Dubrovnik Neretva County<\/span><\/h4>\n\t<\/div>\n<\/div>\n\n\n\n<div class=\"divider-wrap\" data-alignment=\"default\"><div style=\"height: 25px;\" class=\"divider\"><\/div><\/div>\n<div class=\"wpb_text_column wpb_content_element  wpb_animate_when_almost_visible wpb_zoomIn zoomIn\" >\n\t<div class=\"wpb_wrapper\">\n\t\t<h4 style=\"text-align: center;\"><span style=\"color: #993333;\"><u>For the Holder:<\/u><\/span><\/h4>\n<h4 style=\"text-align: center;\"><span style=\"color: #993333;\">Nikola Dobroslavi\u0107<\/span><\/h4>\n\t<\/div>\n<\/div>\n\n\n\n<div class=\"divider-wrap\" data-alignment=\"default\"><div style=\"height: 25px;\" class=\"divider\"><\/div><\/div>\n<div class=\"wpb_text_column wpb_content_element  wpb_animate_when_almost_visible wpb_zoomIn zoomIn\" >\n\t<div class=\"wpb_wrapper\">\n\t\t<h4 style=\"text-align: center;\"><span style=\"color: #336633;\"><u>Project Manager:<\/u><\/span><\/h4>\n<h4 style=\"text-align: center;\"><span style=\"color: #336633;\">\u017daklina Marevi\u0107<\/span><\/h4>\n\t<\/div>\n<\/div>\n\n\n\n<div class=\"divider-wrap\" data-alignment=\"default\"><div style=\"height: 25px;\" class=\"divider\"><\/div><\/div>\n<div class=\"wpb_text_column wpb_content_element  wpb_animate_when_almost_visible wpb_zoomIn zoomIn\" >\n\t<div class=\"wpb_wrapper\">\n\t\t<h4 style=\"text-align: center;\"><span style=\"color: #336699;\"><u>Implementing Authority:<\/u><\/span><\/h4>\n<h4 style=\"text-align: center;\"><span style=\"color: #336699;\">Ministry of Regional Development and EU Funds<\/span><span style=\"color: #336699;\">\u00a0<\/span><\/h4>\n\t<\/div>\n<\/div>\n\n\n\n<div class=\"divider-wrap\" data-alignment=\"default\"><div style=\"height: 25px;\" class=\"divider\"><\/div><\/div>\n<div class=\"wpb_text_column wpb_content_element  wpb_animate_when_almost_visible wpb_zoomIn zoomIn\" >\n\t<div class=\"wpb_wrapper\">\n\t\t<h4 style=\"text-align: center;\"><span style=\"color: #993333;\"><u>Management action plan:<\/u><\/span><\/h4>\n<h4 style=\"text-align: center;\"><span style=\"color: #993333;\">Municipality of Ston<\/span><\/h4>\n\t<\/div>\n<\/div>\n\n\n\n<div class=\"divider-wrap\" data-alignment=\"default\"><div style=\"height: 25px;\" class=\"divider\"><\/div><\/div>\n<div class=\"wpb_text_column wpb_content_element  wpb_animate_when_almost_visible wpb_zoomIn zoomIn\" >\n\t<div class=\"wpb_wrapper\">\n\t\t<h4 style=\"text-align: center;\"><span style=\"color: #336633;\"><u>Architectural Project:<\/u><\/span><\/h4>\n<h4 style=\"text-align: center;\"><span style=\"color: #336633;\">Kristina Vujica, PlanAxis d.o.o.<\/span><\/h4>\n\t<\/div>\n<\/div>\n\n\n\n<div class=\"divider-wrap\" data-alignment=\"default\"><div style=\"height: 25px;\" class=\"divider\"><\/div><\/div>\n<div class=\"wpb_text_column wpb_content_element  wpb_animate_when_almost_visible wpb_zoomIn zoomIn\" >\n\t<div class=\"wpb_wrapper\">\n\t\t<h4 style=\"text-align: center;\"><span style=\"color: #336699;\"><u>Construction Works:<\/u><\/span><\/h4>\n<h4 style=\"text-align: center;\"><span style=\"color: #336699;\">Toni Ba\u0161ica, POSTA d.o.o<\/span><\/h4>\n\t<\/div>\n<\/div>\n\n\n\n<div class=\"divider-wrap\" data-alignment=\"default\"><div style=\"height: 25px;\" class=\"divider\"><\/div><\/div>\n<div class=\"wpb_text_column wpb_content_element  wpb_animate_when_almost_visible wpb_zoomIn zoomIn\" >\n\t<div class=\"wpb_wrapper\">\n\t\t<h4 style=\"text-align: center;\"><span style=\"color: #993333;\"><u>Construction Supervision:<\/u><\/span><\/h4>\n<h4 style=\"text-align: center;\"><span style=\"color: #993333;\">Ivica So\u010do, GEOING d.o.o.,<\/span><\/h4>\n\t<\/div>\n<\/div>\n\n\n\n<div class=\"divider-wrap\" data-alignment=\"default\"><div style=\"height: 25px;\" class=\"divider\"><\/div><\/div>\n<div class=\"wpb_text_column wpb_content_element  wpb_animate_when_almost_visible wpb_zoomIn zoomIn\" >\n\t<div class=\"wpb_wrapper\">\n\t\t<h4 style=\"text-align: center;\"><span style=\"color: #336633;\"><u>Equipment, Multimedia, IT, and AV:<\/u><\/span><\/h4>\n<h4 style=\"text-align: center;\"><span style=\"color: #336633;\">Zlatko Jela\u010di\u0107, Smart AudioVisual d.o.o.<\/span><\/h4>\n\t<\/div>\n<\/div>\n\n\n\n<div class=\"divider-wrap\" data-alignment=\"default\"><div style=\"height: 25px;\" class=\"divider\"><\/div><\/div>\n<div class=\"wpb_text_column wpb_content_element  wpb_animate_when_almost_visible wpb_zoomIn zoomIn\" >\n\t<div class=\"wpb_wrapper\">\n\t\t<h4 style=\"text-align: center;\"><span style=\"color: #336699;\"><u>Other expert associates:<\/u><\/span><\/h4>\n<h4 style=\"text-align: center;\"><span style=\"color: #336699;\">ARD \u2013 ARHITECTURE &amp; ROAD DESIGN d.o.o, Marko Pulji\u0107 (conservation study)<\/span><\/h4>\n\t<\/div>\n<\/div>\n\n\n\n<div class=\"divider-wrap\" data-alignment=\"default\"><div style=\"height: 25px;\" class=\"divider\"><\/div><\/div>\n<div class=\"wpb_text_column wpb_content_element  wpb_animate_when_almost_visible wpb_zoomIn zoomIn\" >\n\t<div class=\"wpb_wrapper\">\n\t\t<h4 style=\"text-align: center;\"><span style=\"color: #993333;\"><u>Other expert associates:<\/u><\/span><\/h4>\n<h4 style=\"text-align: center;\"><span style=\"color: #993333;\">Final construction works - KAPIST, vl. \u0110ivo Dra\u017ei\u0107, mag.art.<\/span><\/h4>\n<h4 style=\"text-align: center;\"><span style=\"color: #993333;\">ELABORATION of conservation-restoration works on stone sculpture according to the special conditions for the protection of immovable cultural property for the renovation of a building of public and social purpose - the Adriatic Heritage Interpretation Center in The Rector\u2019s Palace in Ston.<\/span><\/h4>\n<h4 style=\"text-align: center;\"><span style=\"color: #993333;\">PROJECT: \u0110ivo Dra\u017ei\u0107, mag.art.<\/span><\/h4>\n<h4 style=\"text-align: center;\"><span style=\"color: #993333;\">SUPPORT\/BACKGROUND: Ida Polzer, dipl.ing.arh.<\/span><\/h4>\n\t<\/div>\n<\/div>\n\n\n\n<div class=\"divider-wrap\" data-alignment=\"default\"><div style=\"height: 25px;\" class=\"divider\"><\/div><\/div>\n<div class=\"wpb_text_column wpb_content_element  wpb_animate_when_almost_visible wpb_zoomIn zoomIn\" >\n\t<div class=\"wpb_wrapper\">\n\t\t<h4 style=\"text-align: center;\"><span style=\"color: #336633;\"><u>Exhibition and interior design project: <\/u><\/span><\/h4>\n<h4 style=\"text-align: center;\"><span style=\"color: #336633;\">Marko Bari\u0161i\u0107 i Mirna Vulin, Republic j.d.o.o.<\/span><\/h4>\n<h4 style=\"text-align: center;\"><span style=\"color: #336633;\">Mirjana Petrina, Crtaona, obrt za dizajn i projektiranje<\/span><\/h4>\n<h4 style=\"text-align: center;\"><span style=\"color: #336633;\">Josipa Slavi\u010dek, DIGOD, obrt za dizajn<\/span><\/h4>\n\t<\/div>\n<\/div>\n\n\n\n<div class=\"divider-wrap\" data-alignment=\"default\"><div style=\"height: 25px;\" class=\"divider\"><\/div><\/div>\n<div class=\"wpb_text_column wpb_content_element  wpb_animate_when_almost_visible wpb_zoomIn zoomIn\" >\n\t<div class=\"wpb_wrapper\">\n\t\t<h4 style=\"text-align: center;\"><span style=\"color: #336699;\"><u>Museological concept: <\/u><\/span><\/h4>\n<h4 style=\"text-align: center;\"><span style=\"color: #336699;\">Mirna Vulin i Marko Bari\u0161i\u0107, Republic j.d.o.o.<\/span><\/h4>\n\t<\/div>\n<\/div>\n\n\n\n<div class=\"divider-wrap\" data-alignment=\"default\"><div style=\"height: 25px;\" class=\"divider\"><\/div><\/div>\n<div class=\"wpb_text_column wpb_content_element  wpb_animate_when_almost_visible wpb_zoomIn zoomIn\" >\n\t<div class=\"wpb_wrapper\">\n\t\t<h4 style=\"text-align: center;\"><span style=\"color: #993333;\"><u>Visual Identity and Graphic Design: <\/u><\/span><\/h4>\n<h4 style=\"text-align: center;\"><span style=\"color: #993333;\">Marko Bari\u0161i\u0107, Republic j.d.o.o.<\/span><\/h4>\n\t<\/div>\n<\/div>\n\n\n\n<div class=\"divider-wrap\" data-alignment=\"default\"><div style=\"height: 25px;\" class=\"divider\"><\/div><\/div>\n<div class=\"wpb_text_column wpb_content_element  wpb_animate_when_almost_visible wpb_zoomIn zoomIn\" >\n\t<div class=\"wpb_wrapper\">\n\t\t<h4 style=\"text-align: center;\"><span style=\"color: #336633;\"><u>Interpretive Texts: <\/u><\/span><\/h4>\n<h4 style=\"text-align: center;\"><span style=\"color: #336633;\">Mirna Vulin, Republic j.d.o.o.<\/span><\/h4>\n\t<\/div>\n<\/div>\n\n\n\n<div class=\"divider-wrap\" data-alignment=\"default\"><div style=\"height: 25px;\" class=\"divider\"><\/div><\/div>\n<div class=\"wpb_text_column wpb_content_element  wpb_animate_when_almost_visible wpb_zoomIn zoomIn\" >\n\t<div class=\"wpb_wrapper\">\n\t\t<h4 style=\"text-align: center;\"><span style=\"color: #336699;\"><u>Photography and video:<\/u><\/span><\/h4>\n<h4 style=\"text-align: center;\"><span style=\"color: #336699;\">Marko Bari\u0161i\u0107, Republic j.d.o.o.<\/span><\/h4>\n<h4 style=\"text-align: center;\"><span style=\"color: #336633;\"><span style=\"color: #336699;\">Tomislav Dugand\u017ei\u0107, REDRUM, Obrt za audiovizualne usluge<\/span><br \/>\n<\/span><\/h4>\n\t<\/div>\n<\/div>\n\n\n\n<div class=\"divider-wrap\" data-alignment=\"default\"><div style=\"height: 25px;\" class=\"divider\"><\/div><\/div>\n<div class=\"wpb_text_column wpb_content_element  wpb_animate_when_almost_visible wpb_zoomIn zoomIn\" >\n\t<div class=\"wpb_wrapper\">\n\t\t<h4 style=\"text-align: center;\"><span style=\"color: #993333;\"><u>Web design:<\/u><\/span><\/h4>\n<h4 style=\"text-align: center;\"><span style=\"color: #993333;\">Omnivor d.o.o.<\/span><\/h4>\n<h4 style=\"text-align: center;\"><span style=\"color: #993333;\">Crtaona, obrt za dizajn i projektiranje<\/span><\/h4>\n\t<\/div>\n<\/div>\n\n\n\n<div class=\"divider-wrap\" data-alignment=\"default\"><div style=\"height: 25px;\" class=\"divider\"><\/div><\/div><div class=\"img-with-aniamtion-wrap center custom-size\" data-max-width=\"100%\" data-max-width-mobile=\"default\" data-shadow=\"none\" data-animation=\"none\" >\n      <div class=\"inner\">\n        <div class=\"hover-wrap\"> \n          <div class=\"hover-wrap-inner\">\n            <img loading=\"lazy\" decoding=\"async\" class=\"img-with-animation skip-lazy\" data-delay=\"0\" height=\"198\" width=\"300\" data-animation=\"none\" src=\"https:\/\/ston-dvor.com\/wp-content\/uploads\/2023\/09\/Dvor-logo-negativ-300x198.png\" alt=\"\" srcset=\"https:\/\/ston-dvor.com\/wp-content\/uploads\/2023\/09\/Dvor-logo-negativ-300x198.png 300w, https:\/\/ston-dvor.com\/wp-content\/uploads\/2023\/09\/Dvor-logo-negativ-18x12.png 18w, https:\/\/ston-dvor.com\/wp-content\/uploads\/2023\/09\/Dvor-logo-negativ.png 671w\" sizes=\"auto, (max-width: 300px) 100vw, 300px\" \/>\n          <\/div>\n        <\/div>\n      <\/div>\n    <\/div><div class=\"divider-wrap\" data-alignment=\"default\"><div style=\"height: 25px;\" class=\"divider\"><\/div><\/div>\n\t\t\t<\/div> \n\t\t<\/div>\n\t<\/div> \n<\/div><\/div>\n\t\t<div id=\"fws_69eb8afe98bdf\"  data-column-margin=\"default\" data-midnight=\"light\"  class=\"wpb_row vc_row-fluid vc_row full-width-content vc_row-o-equal-height vc_row-flex vc_row-o-content-top\"  style=\"padding-top: 0px; padding-bottom: 0px; \"><div class=\"row-bg-wrap\" data-bg-animation=\"none\" data-bg-animation-delay=\"\" data-bg-overlay=\"false\"><div class=\"inner-wrap row-bg-layer\" ><div class=\"row-bg viewport-desktop\"  style=\"\"><\/div><\/div><\/div><div class=\"row_col_wrap_12 col span_12 light center\">\n\t<div style=\"\" class=\"vc_col-sm-12 wpb_column column_container vc_column_container col centered-text padding-2-percent inherit_tablet inherit_phone bg_img_front\" data-using-bg=\"true\" data-bg-cover=\"true\" data-padding-pos=\"top-bottom\" data-has-bg-color=\"true\" data-bg-color=\"#ffffff\" data-bg-opacity=\"1\" data-hover-bg=\"rgba(45,45,45,0.14)\" data-hover-bg-opacity=\"1\" data-animation=\"\" data-delay=\"0\" >\n\t\t<div class=\"vc_column-inner\" ><div class=\"column-image-bg-wrap column-bg-layer viewport-desktop\" data-bg-pos=\"center center\" data-bg-animation=\"none\" data-bg-overlay=\"false\"><div class=\"inner-wrap\"><div class=\"column-image-bg\" style=\" background-image: url('https:\/\/ston-dvor.com\/wp-content\/uploads\/2023\/06\/crte4-1.png'); \"><\/div><\/div><\/div><div class=\"column-bg-overlay-wrap column-bg-layer\" data-bg-animation=\"none\"><div class=\"column-bg-overlay\" style=\"opacity: 1; background-color: #ffffff;\"><\/div><\/div>\n\t\t\t<div class=\"wpb_wrapper\">\n\t\t\t\t\n<div class=\"wpb_text_column wpb_content_element\" >\n\t<div class=\"wpb_wrapper\">\n\t\t\t<\/div>\n<\/div>\n\n\n\n\n\t\t\t<\/div> \n\t\t<\/div>\n\t<\/div> \n<\/div><\/div>","protected":false},"excerpt":{"rendered":"Nositelj projekta: Dubrova\u010dko-neretvanska \u017eupanija Za nositelja: Nikola Dobroslavi\u0107 Voditeljica projekta: \u017daklina Marevi\u0107 Provedbeno tijelo: Ministarstvo regionalnoga razvoja i fondova Europske unije (MRRFEU)\u00a0 Akcijski plan upravljanja: Op\u0107ina Ston Arhitektonski projekt: Kristina...","protected":false},"author":5,"featured_media":0,"parent":0,"menu_order":0,"comment_status":"closed","ping_status":"closed","template":"","meta":{"footnotes":""},"class_list":["post-30","page","type-page","status-publish"],"_links":{"self":[{"href":"https:\/\/ston-dvor.com\/en\/wp-json\/wp\/v2\/pages\/30","targetHints":{"allow":["GET"]}}],"collection":[{"href":"https:\/\/ston-dvor.com\/en\/wp-json\/wp\/v2\/pages"}],"about":[{"href":"https:\/\/ston-dvor.com\/en\/wp-json\/wp\/v2\/types\/page"}],"author":[{"embeddable":true,"href":"https:\/\/ston-dvor.com\/en\/wp-json\/wp\/v2\/users\/5"}],"replies":[{"embeddable":true,"href":"https:\/\/ston-dvor.com\/en\/wp-json\/wp\/v2\/comments?post=30"}],"version-history":[{"count":33,"href":"https:\/\/ston-dvor.com\/en\/wp-json\/wp\/v2\/pages\/30\/revisions"}],"predecessor-version":[{"id":3527,"href":"https:\/\/ston-dvor.com\/en\/wp-json\/wp\/v2\/pages\/30\/revisions\/3527"}],"wp:attachment":[{"href":"https:\/\/ston-dvor.com\/en\/wp-json\/wp\/v2\/media?parent=30"}],"curies":[{"name":"wp","href":"https:\/\/api.w.org\/{rel}","templated":true}]}}