{"id":2040,"date":"2014-03-30T20:56:08","date_gmt":"2014-03-30T18:56:08","guid":{"rendered":"http:\/\/themenectar.com\/demo\/salient-frostwave\/?page_id=2040"},"modified":"2023-07-21T09:46:25","modified_gmt":"2023-07-21T07:46:25","slug":"blog-standard","status":"publish","type":"page","link":"https:\/\/ston-dvor.com\/en\/blog-standard\/","title":{"rendered":"Blog Standard"},"content":{"rendered":"<div class=\"row\">\n\n <div class=\"post-area col featured_img_left span_9\" data-ams=\"\" data-remove-post-date=\"\" data-remove-post-author=\"\" data-remove-post-comment-number=\"\" data-remove-post-nectar-love=\"\"> <div class=\"posts-container\" data-load-animation=\"none\">     \n     \n<article id=\"post-4493\" class=\"post-4493 post type-post status-publish format-standard has-post-thumbnail category-novosti\">  \n  <div class=\"inner-wrap animated\">\n    <div class=\"post-content\">\n      <div class=\"article-content-wrap\">\n        <div class=\"post-featured-img-wrap\">\n          <a href=\"https:\/\/ston-dvor.com\/en\/2024\/05\/23\/medunarodna-izlozba-euharistijska-cuda-diljem-svijeta-u-knezevom-dvoru-u-stonu\/\" aria-label=\"Me\u0111unarodna izlo\u017eba \u201eEuharistijska \u010duda diljem svijeta\u201c u Kne\u017eevom dvoru u Stonu\"><span class=\"post-featured-img\"><img loading=\"lazy\" decoding=\"async\" width=\"900\" height=\"600\" src=\"https:\/\/ston-dvor.com\/wp-content\/uploads\/2023\/11\/ston_maketa-900x600.webp\" class=\"attachment-wide_photography size-wide_photography skip-lazy wp-post-image\" alt=\"\" title=\"\" sizes=\"auto, (min-width: 690px) 40vw, 100vw\" \/><\/span><\/a>          \n        <\/div>\n        <div class=\"post-content-wrap\">\n          <a class=\"entire-meta-link\" href=\"https:\/\/ston-dvor.com\/en\/2024\/05\/23\/medunarodna-izlozba-euharistijska-cuda-diljem-svijeta-u-knezevom-dvoru-u-stonu\/\" aria-label=\"Me\u0111unarodna izlo\u017eba \u201eEuharistijska \u010duda diljem svijeta\u201c u Kne\u017eevom dvoru u Stonu\"><\/a>\n          <span class=\"meta-category\"><a class=\"novosti\" href=\"https:\/\/ston-dvor.com\/en\/category\/novosti\/\">NEWS<\/a><\/span>          \n          <div class=\"post-header\">\n            <h3 class=\"title\"><a href=\"https:\/\/ston-dvor.com\/en\/2024\/05\/23\/medunarodna-izlozba-euharistijska-cuda-diljem-svijeta-u-knezevom-dvoru-u-stonu\/\"> Me\u0111unarodna izlo\u017eba \u201eEuharistijska \u010duda diljem svijeta\u201c u Kne\u017eevom dvoru u Stonu<\/a><\/h3>\n          <\/div>\n          \n          <div class=\"excerpt\">Me\u0111unarodna izlo\u017eba \u201eEuharistijska \u010duda diljem svijeta\u201c, koju je osmislio i izradio bl. Karlo Acutis, otvorila&hellip;<\/div><div class=\"grav-wrap\"><a href=\"https:\/\/ston-dvor.com\/en\/author\/andrijana\/\"><img alt='Andrijana' src='https:\/\/secure.gravatar.com\/avatar\/5c073523d73bf5906ab9a0b3dccb23923d24b4769cc538df3fb41b914af61928?s=70&#038;d=mm&#038;r=g' srcset='https:\/\/secure.gravatar.com\/avatar\/5c073523d73bf5906ab9a0b3dccb23923d24b4769cc538df3fb41b914af61928?s=140&#038;d=mm&#038;r=g 2x' class='avatar avatar-70 photo' height='70' width='70' \/><\/a><div class=\"text\"><a href=\"https:\/\/ston-dvor.com\/en\/author\/andrijana\/\" rel=\"author\">Andrijana<\/a><span>23\/05\/2024<\/span><\/div><\/div>        <\/div>\n      <\/div>\n    <\/div>\n  <\/div>\n<\/article>     \n     \n<article id=\"post-4489\" class=\"post-4489 post type-post status-publish format-standard has-post-thumbnail category-novosti\">  \n  <div class=\"inner-wrap animated\">\n    <div class=\"post-content\">\n      <div class=\"article-content-wrap\">\n        <div class=\"post-featured-img-wrap\">\n          <a href=\"https:\/\/ston-dvor.com\/en\/2024\/05\/23\/odrzan-tecaj-na-temu-pretilost-u-endokrinologiji-u-knezevom-dvoru\/\" aria-label=\"Odr\u017ean te\u010daj na temu \u201ePretilost u endokrinologiji&#8221; u Kne\u017eevom dvoru\"><span class=\"post-featured-img\"><img loading=\"lazy\" decoding=\"async\" width=\"900\" height=\"600\" src=\"https:\/\/ston-dvor.com\/wp-content\/uploads\/2023\/07\/chairs-2593531_1280x-900x600.jpg\" class=\"attachment-wide_photography size-wide_photography skip-lazy wp-post-image\" alt=\"\" title=\"\" sizes=\"auto, (min-width: 690px) 40vw, 100vw\" \/><\/span><\/a>          \n        <\/div>\n        <div class=\"post-content-wrap\">\n          <a class=\"entire-meta-link\" href=\"https:\/\/ston-dvor.com\/en\/2024\/05\/23\/odrzan-tecaj-na-temu-pretilost-u-endokrinologiji-u-knezevom-dvoru\/\" aria-label=\"Odr\u017ean te\u010daj na temu \u201ePretilost u endokrinologiji&#8221; u Kne\u017eevom dvoru\"><\/a>\n          <span class=\"meta-category\"><a class=\"novosti\" href=\"https:\/\/ston-dvor.com\/en\/category\/novosti\/\">NEWS<\/a><\/span>          \n          <div class=\"post-header\">\n            <h3 class=\"title\"><a href=\"https:\/\/ston-dvor.com\/en\/2024\/05\/23\/odrzan-tecaj-na-temu-pretilost-u-endokrinologiji-u-knezevom-dvoru\/\"> Odr\u017ean te\u010daj na temu \u201ePretilost u endokrinologiji&#8221; u Kne\u017eevom dvoru<\/a><\/h3>\n          <\/div>\n          \n          <div class=\"excerpt\">18. svibnja, u organizaciji Sveu\u010dili\u0161ta u Dubrovniku \u2013 studij Sestrinstvo, Poliklinike Hygea i Hrvatske komore&hellip;<\/div><div class=\"grav-wrap\"><a href=\"https:\/\/ston-dvor.com\/en\/author\/dvor\/\"><img alt='DVOR' src='https:\/\/secure.gravatar.com\/avatar\/d3b785a0e3c4195ca3b6c39507207fa6257efa75c9bda0b6e6f4dbf72c8b6096?s=70&#038;d=mm&#038;r=g' srcset='https:\/\/secure.gravatar.com\/avatar\/d3b785a0e3c4195ca3b6c39507207fa6257efa75c9bda0b6e6f4dbf72c8b6096?s=140&#038;d=mm&#038;r=g 2x' class='avatar avatar-70 photo' height='70' width='70' \/><\/a><div class=\"text\"><a href=\"https:\/\/ston-dvor.com\/en\/author\/dvor\/\" rel=\"author\">DVOR<\/a><span>23\/05\/2024<\/span><\/div><\/div>        <\/div>\n      <\/div>\n    <\/div>\n  <\/div>\n<\/article>     \n     \n<article id=\"post-4474\" class=\"post-4474 post type-post status-publish format-standard has-post-thumbnail category-novosti tag-grapeston tag-knezev-dvor tag-ston tag-vino\">  \n  <div class=\"inner-wrap animated\">\n    <div class=\"post-content\">\n      <div class=\"article-content-wrap\">\n        <div class=\"post-featured-img-wrap\">\n          <a href=\"https:\/\/ston-dvor.com\/en\/2024\/04\/05\/prirodna-vina-u-fokusu-prvi-grapeston-festival-dolazi-u-ston\/\" aria-label=\"Prirodna Vina u Fokusu: Prvi GrapeSton Festival dolazi u Ston!\"><span class=\"post-featured-img\"><img loading=\"lazy\" decoding=\"async\" width=\"900\" height=\"600\" src=\"https:\/\/ston-dvor.com\/wp-content\/uploads\/2013\/02\/1280X853-900x600.png\" class=\"attachment-wide_photography size-wide_photography skip-lazy wp-post-image\" alt=\"\" title=\"\" sizes=\"auto, (min-width: 690px) 40vw, 100vw\" srcset=\"https:\/\/ston-dvor.com\/wp-content\/uploads\/2013\/02\/1280X853-900x600.png 900w, https:\/\/ston-dvor.com\/wp-content\/uploads\/2013\/02\/1280X853-300x200.png 300w, https:\/\/ston-dvor.com\/wp-content\/uploads\/2013\/02\/1280X853-1024x682.png 1024w, https:\/\/ston-dvor.com\/wp-content\/uploads\/2013\/02\/1280X853-768x512.png 768w, https:\/\/ston-dvor.com\/wp-content\/uploads\/2013\/02\/1280X853-18x12.png 18w, https:\/\/ston-dvor.com\/wp-content\/uploads\/2013\/02\/1280X853.png 1280w\" \/><\/span><\/a>          \n        <\/div>\n        <div class=\"post-content-wrap\">\n          <a class=\"entire-meta-link\" href=\"https:\/\/ston-dvor.com\/en\/2024\/04\/05\/prirodna-vina-u-fokusu-prvi-grapeston-festival-dolazi-u-ston\/\" aria-label=\"Prirodna Vina u Fokusu: Prvi GrapeSton Festival dolazi u Ston!\"><\/a>\n          <span class=\"meta-category\"><a class=\"novosti\" href=\"https:\/\/ston-dvor.com\/en\/category\/novosti\/\">NEWS<\/a><\/span>          \n          <div class=\"post-header\">\n            <h3 class=\"title\"><a href=\"https:\/\/ston-dvor.com\/en\/2024\/04\/05\/prirodna-vina-u-fokusu-prvi-grapeston-festival-dolazi-u-ston\/\"> Prirodna Vina u Fokusu: Prvi GrapeSton Festival dolazi u Ston!<\/a><\/h3>\n          <\/div>\n          \n          <div class=\"excerpt\">Stonske zidine, simbol stoljetne povijesti, bit \u0107e doma\u0107in prvog izdanja GrapeSton festivala, koji \u0107e se&hellip;<\/div><div class=\"grav-wrap\"><a href=\"https:\/\/ston-dvor.com\/en\/author\/dvor\/\"><img alt='DVOR' src='https:\/\/secure.gravatar.com\/avatar\/d3b785a0e3c4195ca3b6c39507207fa6257efa75c9bda0b6e6f4dbf72c8b6096?s=70&#038;d=mm&#038;r=g' srcset='https:\/\/secure.gravatar.com\/avatar\/d3b785a0e3c4195ca3b6c39507207fa6257efa75c9bda0b6e6f4dbf72c8b6096?s=140&#038;d=mm&#038;r=g 2x' class='avatar avatar-70 photo' height='70' width='70' \/><\/a><div class=\"text\"><a href=\"https:\/\/ston-dvor.com\/en\/author\/dvor\/\" rel=\"author\">DVOR<\/a><span>05\/04\/2024<\/span><\/div><\/div>        <\/div>\n      <\/div>\n    <\/div>\n  <\/div>\n<\/article>     \n     \n<article id=\"post-3267\" class=\"post-3267 post type-post status-publish format-standard has-post-thumbnail category-novosti\">  \n  <div class=\"inner-wrap animated\">\n    <div class=\"post-content\">\n      <div class=\"article-content-wrap\">\n        <div class=\"post-featured-img-wrap\">\n          <a href=\"https:\/\/ston-dvor.com\/en\/2023\/08\/04\/uskoro-se-otvara-dvor\/\" aria-label=\"New outfit of the Rector&#039;s Palace in Ston: Presentation Center &quot;Dvor&quot; opened.\"><span class=\"post-featured-img\"><img loading=\"lazy\" decoding=\"async\" width=\"900\" height=\"600\" src=\"https:\/\/ston-dvor.com\/wp-content\/uploads\/2024\/06\/STON_prozor-900x600.webp\" class=\"attachment-wide_photography size-wide_photography skip-lazy wp-post-image\" alt=\"\" title=\"\" sizes=\"auto, (min-width: 690px) 40vw, 100vw\" srcset=\"https:\/\/ston-dvor.com\/wp-content\/uploads\/2024\/06\/STON_prozor-900x600.webp 900w, https:\/\/ston-dvor.com\/wp-content\/uploads\/2024\/06\/STON_prozor-18x12.webp 18w\" \/><\/span><\/a>          \n        <\/div>\n        <div class=\"post-content-wrap\">\n          <a class=\"entire-meta-link\" href=\"https:\/\/ston-dvor.com\/en\/2023\/08\/04\/uskoro-se-otvara-dvor\/\" aria-label=\"New outfit of the Rector&#039;s Palace in Ston: Presentation Center &quot;Dvor&quot; opened.\"><\/a>\n          <span class=\"meta-category\"><a class=\"novosti\" href=\"https:\/\/ston-dvor.com\/en\/category\/novosti\/\">NEWS<\/a><\/span>          \n          <div class=\"post-header\">\n            <h3 class=\"title\"><a href=\"https:\/\/ston-dvor.com\/en\/2023\/08\/04\/uskoro-se-otvara-dvor\/\"> New outfit of the Rector's Palace in Ston: Presentation Center \"Dvor\" opened.<\/a><\/h3>\n          <\/div>\n          \n          <div class=\"excerpt\">In the historical Rector's Palace in Ston, the Presentation Center \"Dvor\" has been opened, which represents a blend of traditional...<\/div><div class=\"grav-wrap\"><a href=\"https:\/\/ston-dvor.com\/en\/author\/dvor\/\"><img alt='DVOR' src='https:\/\/secure.gravatar.com\/avatar\/d3b785a0e3c4195ca3b6c39507207fa6257efa75c9bda0b6e6f4dbf72c8b6096?s=70&#038;d=mm&#038;r=g' srcset='https:\/\/secure.gravatar.com\/avatar\/d3b785a0e3c4195ca3b6c39507207fa6257efa75c9bda0b6e6f4dbf72c8b6096?s=140&#038;d=mm&#038;r=g 2x' class='avatar avatar-70 photo' height='70' width='70' \/><\/a><div class=\"text\"><a href=\"https:\/\/ston-dvor.com\/en\/author\/dvor\/\" rel=\"author\">DVOR<\/a><span>04\/08\/2023<\/span><\/div><\/div>        <\/div>\n      <\/div>\n    <\/div>\n  <\/div>\n<\/article>    \n    <\/div><!--\/posts container-->\n    \n    <div id=\"pagination\" data-is-text=\"All items loaded\"><span aria-current=\"page\" class=\"page-numbers current\">1<\/span>\n<a class=\"page-numbers\" href=\"https:\/\/ston-dvor.com\/en\/wp-json\/wp\/v2\/pages\/2040\/page\/2\/\">2<\/a>\n<a class=\"page-numbers\" href=\"https:\/\/ston-dvor.com\/en\/wp-json\/wp\/v2\/pages\/2040\/page\/3\/\">3<\/a>\n<a class=\"page-numbers\" href=\"https:\/\/ston-dvor.com\/en\/wp-json\/wp\/v2\/pages\/2040\/page\/4\/\">4<\/a>\n<a class=\"next page-numbers\" href=\"https:\/\/ston-dvor.com\/en\/wp-json\/wp\/v2\/pages\/2040\/page\/2\/\">Next &raquo;<\/a><\/div>  \n<\/div><!--\/post area-->\n\n  \n  <div id=\"sidebar\" data-nectar-ss=\"\" class=\"col span_3 col_last\">\n    <div id=\"block-7\" class=\"widget widget_block widget_media_image\">\n<figure class=\"wp-block-image size-full\"><img decoding=\"async\" src=\"https:\/\/ston-dvor.com\/wp-content\/uploads\/2023\/06\/dvor.jpg\" alt=\"\" class=\"wp-image-22\"\/><\/figure>\n<\/div><div id=\"text-2\" class=\"widget widget_text\"><h4>About Salient<\/h4>\t\t\t<div class=\"textwidget\">Lorem ipsum dolor sit amet, consectetur elit porta. Vestibulum ante justo, volutpat quis porta non, vulputate id diam. Lorem et ipsum dolor sit amet, consectetur adipiscing elit. Morbi vitae sem in massa sagittis.<\/div>\n\t\t<\/div>\n\t\t<div id=\"recent-posts-1\" class=\"widget widget_recent_entries\">\n\t\t<h4>Recent Posts<\/h4>\n\t\t<ul>\n\t\t\t\t\t\t\t\t\t\t\t<li>\n\t\t\t\t\t<a href=\"https:\/\/ston-dvor.com\/en\/2024\/05\/23\/medunarodna-izlozba-euharistijska-cuda-diljem-svijeta-u-knezevom-dvoru-u-stonu\/\">Me\u0111unarodna izlo\u017eba \u201eEuharistijska \u010duda diljem svijeta\u201c u Kne\u017eevom dvoru u Stonu<\/a>\n\t\t\t\t\t\t\t\t\t\t\t<span class=\"post-date\">23\/05\/2024<\/span>\n\t\t\t\t\t\t\t\t\t<\/li>\n\t\t\t\t\t\t\t\t\t\t\t<li>\n\t\t\t\t\t<a href=\"https:\/\/ston-dvor.com\/en\/2024\/05\/23\/odrzan-tecaj-na-temu-pretilost-u-endokrinologiji-u-knezevom-dvoru\/\">Odr\u017ean te\u010daj na temu \u201ePretilost u endokrinologiji&#8221; u Kne\u017eevom dvoru<\/a>\n\t\t\t\t\t\t\t\t\t\t\t<span class=\"post-date\">23\/05\/2024<\/span>\n\t\t\t\t\t\t\t\t\t<\/li>\n\t\t\t\t\t\t\t\t\t\t\t<li>\n\t\t\t\t\t<a href=\"https:\/\/ston-dvor.com\/en\/2024\/04\/05\/prirodna-vina-u-fokusu-prvi-grapeston-festival-dolazi-u-ston\/\">Prirodna Vina u Fokusu: Prvi GrapeSton Festival dolazi u Ston!<\/a>\n\t\t\t\t\t\t\t\t\t\t\t<span class=\"post-date\">05\/04\/2024<\/span>\n\t\t\t\t\t\t\t\t\t<\/li>\n\t\t\t\t\t\t\t\t\t\t\t<li>\n\t\t\t\t\t<a href=\"https:\/\/ston-dvor.com\/en\/2023\/08\/04\/uskoro-se-otvara-dvor\/\">New outfit of the Rector's Palace in Ston: Presentation Center \"Dvor\" opened.<\/a>\n\t\t\t\t\t\t\t\t\t\t\t<span class=\"post-date\">04\/08\/2023<\/span>\n\t\t\t\t\t\t\t\t\t<\/li>\n\t\t\t\t\t\t\t\t\t\t\t<li>\n\t\t\t\t\t<a href=\"https:\/\/ston-dvor.com\/en\/2023\/08\/03\/iz-medija-konavle-peljesac-i-dolina-neretve-reprezenti-su-autohtone-kuhinje-jug-vonja-na-kamenice-menestru-i-brudet\/\">[FROM THE MEDIA] Konavle, Pelje\u0161ac, and the Neretva Valley are representatives of authentic cuisine. The south exudes the scent of oysters, minestrone, and fish stew.<\/a>\n\t\t\t\t\t\t\t\t\t\t\t<span class=\"post-date\">03\/08\/2023<\/span>\n\t\t\t\t\t\t\t\t\t<\/li>\n\t\t\t\t\t<\/ul>\n\n\t\t<\/div><div id=\"archives-1\" class=\"widget widget_archive\"><h4>Archives<\/h4>\n\t\t\t<ul>\n\t\t\t\t\t<li><a href='https:\/\/ston-dvor.com\/en\/2024\/05\/'>May 2024<\/a><\/li>\n\t<li><a href='https:\/\/ston-dvor.com\/en\/2024\/04\/'>April 2024<\/a><\/li>\n\t<li><a href='https:\/\/ston-dvor.com\/en\/2023\/08\/'>August 2023<\/a><\/li>\n\t<li><a href='https:\/\/ston-dvor.com\/en\/2023\/04\/'>April 2023<\/a><\/li>\n\t<li><a href='https:\/\/ston-dvor.com\/en\/2022\/09\/'>September 2022<\/a><\/li>\n\t<li><a href='https:\/\/ston-dvor.com\/en\/2022\/05\/'>May 2022<\/a><\/li>\n\t<li><a href='https:\/\/ston-dvor.com\/en\/2021\/06\/'>June 2021<\/a><\/li>\n\t<li><a href='https:\/\/ston-dvor.com\/en\/2021\/03\/'>March 2021<\/a><\/li>\n\t<li><a href='https:\/\/ston-dvor.com\/en\/2021\/02\/'>February 2021<\/a><\/li>\n\t<li><a href='https:\/\/ston-dvor.com\/en\/2019\/06\/'>June 2019<\/a><\/li>\n\t<li><a href='https:\/\/ston-dvor.com\/en\/2017\/06\/'>June 2017<\/a><\/li>\n\t<li><a href='https:\/\/ston-dvor.com\/en\/2013\/08\/'>August 2013<\/a><\/li>\n\t<li><a href='https:\/\/ston-dvor.com\/en\/2012\/08\/'>August 2012<\/a><\/li>\n\t\t\t<\/ul>\n\n\t\t\t<\/div><div id=\"categories-2\" class=\"widget widget_categories\"><h4>Categories<\/h4>\n\t\t\t<ul>\n\t\t\t\t\t<li class=\"cat-item cat-item-75\"><a href=\"https:\/\/ston-dvor.com\/en\/category\/novosti\/\">NEWS<\/a>\n<\/li>\n\t\t\t<\/ul>\n\n\t\t\t<\/div>  <\/div><!--\/span_3-->\n \n<\/div>","protected":false},"excerpt":{"rendered":"U povijesnom Kne\u017eevom dvoru u Stonu, otvoren je Prezentacijski centar \"Dvor\", koji predstavlja spoj tradicionalnog uzgoja hrane i suvremenog do\u017eivljaja, te pru\u017ea jedinstvenu priliku za istra\u017eivanje bogate kulturne i gastronomske...","protected":false},"author":5,"featured_media":0,"parent":0,"menu_order":13,"comment_status":"open","ping_status":"closed","template":"","meta":{"footnotes":""},"class_list":["post-2040","page","type-page","status-publish"],"_links":{"self":[{"href":"https:\/\/ston-dvor.com\/en\/wp-json\/wp\/v2\/pages\/2040","targetHints":{"allow":["GET"]}}],"collection":[{"href":"https:\/\/ston-dvor.com\/en\/wp-json\/wp\/v2\/pages"}],"about":[{"href":"https:\/\/ston-dvor.com\/en\/wp-json\/wp\/v2\/types\/page"}],"author":[{"embeddable":true,"href":"https:\/\/ston-dvor.com\/en\/wp-json\/wp\/v2\/users\/5"}],"replies":[{"embeddable":true,"href":"https:\/\/ston-dvor.com\/en\/wp-json\/wp\/v2\/comments?post=2040"}],"version-history":[{"count":2,"href":"https:\/\/ston-dvor.com\/en\/wp-json\/wp\/v2\/pages\/2040\/revisions"}],"predecessor-version":[{"id":3578,"href":"https:\/\/ston-dvor.com\/en\/wp-json\/wp\/v2\/pages\/2040\/revisions\/3578"}],"wp:attachment":[{"href":"https:\/\/ston-dvor.com\/en\/wp-json\/wp\/v2\/media?parent=2040"}],"curies":[{"name":"wp","href":"https:\/\/api.w.org\/{rel}","templated":true}]}}